{"id":80,"date":"2019-03-11T08:58:25","date_gmt":"2019-03-11T08:58:25","guid":{"rendered":"http:\/\/www.colormont.cz.uvirt75.active24.cz\/?page_id=80"},"modified":"2019-03-11T08:58:25","modified_gmt":"2019-03-11T08:58:25","slug":"stavba-leseni","status":"publish","type":"page","link":"https:\/\/www.colormont.cz\/index.php\/stavba-leseni\/","title":{"rendered":"Stavba le\u0161en\u00ed"},"content":{"rendered":"<p>Jednou z hlavn\u00edch \u010dinnost\u00ed firmy se st\u00e1v\u00e1 stavba le\u0161en\u00ed, kterou prov\u00e1d\u00edme nejen pro vlastn\u00ed pot\u0159ebu, ale i pro ostatn\u00ed z\u00e1kazn\u00edky. Nav\u00e1zali jsme dlouhodobou spolupr\u00e1ci s majitelem Severomoravsk\u00fdch Tepl\u00e1ren firmou DALKIA \u010cesk\u00e1 Republika a. s., kde jsme se stali v\u00fdhradn\u00edm dodavatelem le\u0161en\u00e1\u0159sk\u00fdch prac\u00ed. Vlastn\u00edme 14 sad klasick\u00e9ho trubkov\u00e9ho le\u0161en\u00ed, 1 sadu le\u0161en\u00ed syst\u00e9mu SGB a 4 sady poj\u00edzdn\u00e9ho le\u0161en\u00ed ALFIX, montujeme hlin\u00edkov\u00e1 le\u0161en\u00ed. V p\u0159\u00edpadech slo\u017eit\u011bj\u0161\u00edch le\u0161en\u00e1\u0159sk\u00fdch konstrukc\u00ed pracujeme podle projektu le\u0161en\u00ed, kter\u00fd jsme schopni vypracovat, nen\u00ed-li k dispozici. Rovn\u011b\u017e jsme schopni zajistit statick\u00fd v\u00fdpo\u010det.<\/p>\n<p><img loading=\"lazy\" decoding=\"async\" src=\"http:\/\/www.colormont.cz\/Portals\/5\/fotky\/teplarnaolomouc.jpg\" alt=\"\" width=\"200\" height=\"141\" \/>\u00a0<img loading=\"lazy\" decoding=\"async\" src=\"http:\/\/www.colormont.cz\/Portals\/5\/fotky\/stozarydluhonice.jpg\" alt=\"\" width=\"141\" height=\"200\" \/>\u00a0<img loading=\"lazy\" decoding=\"async\" src=\"http:\/\/www.colormont.cz\/Portals\/5\/fotky\/venkovniokkotelnyvb4.jpg\" alt=\"\" width=\"141\" height=\"200\" \/>\u00a0<img loading=\"lazy\" decoding=\"async\" src=\"http:\/\/www.colormont.cz\/Portals\/5\/fotky\/vnitrniokvb4.jpg\" alt=\"\" width=\"200\" height=\"141\" \/><\/p>\n","protected":false},"excerpt":{"rendered":"<p>Jednou z hlavn\u00edch \u010dinnost\u00ed firmy se st\u00e1v\u00e1 stavba le\u0161en\u00ed, kterou prov\u00e1d\u00edme nejen pro vlastn\u00ed pot\u0159ebu, ale i pro ostatn\u00ed z\u00e1kazn\u00edky. Nav\u00e1zali jsme dlouhodobou spolupr\u00e1ci s majitelem Severomoravsk\u00fdch Tepl\u00e1ren firmou DALKIA \u010cesk\u00e1 Republika a. s., kde jsme se stali v\u00fdhradn\u00edm dodavatelem<\/p>\n","protected":false},"author":1,"featured_media":0,"parent":0,"menu_order":0,"comment_status":"closed","ping_status":"closed","template":"","meta":{"footnotes":""},"class_list":["post-80","page","type-page","status-publish","hentry"],"_links":{"self":[{"href":"https:\/\/www.colormont.cz\/index.php\/wp-json\/wp\/v2\/pages\/80","targetHints":{"allow":["GET"]}}],"collection":[{"href":"https:\/\/www.colormont.cz\/index.php\/wp-json\/wp\/v2\/pages"}],"about":[{"href":"https:\/\/www.colormont.cz\/index.php\/wp-json\/wp\/v2\/types\/page"}],"author":[{"embeddable":true,"href":"https:\/\/www.colormont.cz\/index.php\/wp-json\/wp\/v2\/users\/1"}],"replies":[{"embeddable":true,"href":"https:\/\/www.colormont.cz\/index.php\/wp-json\/wp\/v2\/comments?post=80"}],"version-history":[{"count":1,"href":"https:\/\/www.colormont.cz\/index.php\/wp-json\/wp\/v2\/pages\/80\/revisions"}],"predecessor-version":[{"id":81,"href":"https:\/\/www.colormont.cz\/index.php\/wp-json\/wp\/v2\/pages\/80\/revisions\/81"}],"wp:attachment":[{"href":"https:\/\/www.colormont.cz\/index.php\/wp-json\/wp\/v2\/media?parent=80"}],"curies":[{"name":"wp","href":"https:\/\/api.w.org\/{rel}","templated":true}]}}