{"id":76,"date":"2019-03-11T08:57:00","date_gmt":"2019-03-11T08:57:00","guid":{"rendered":"http:\/\/www.colormont.cz.uvirt75.active24.cz\/?page_id=76"},"modified":"2019-03-11T08:57:00","modified_gmt":"2019-03-11T08:57:00","slug":"natery","status":"publish","type":"page","link":"https:\/\/www.colormont.cz\/index.php\/natery\/","title":{"rendered":"N\u00e1t\u011bry"},"content":{"rendered":"<table class=\"containermaster_empty\" border=\"0\" cellspacing=\"0\" cellpadding=\"5\" align=\"center\">\n<tbody>\n<tr>\n<td id=\"dnn_ctr527_ContentPane\" class=\"DNNAlignleft\" align=\"center\">\n<div id=\"dnn_ctr527_ModuleContent\">\n<div id=\"dnn_ctr527_HtmlModule_HtmlModule_lblContent\" class=\"Normal\">\n<p align=\"justify\"><span style=\"font-size: small;\">Firma\u00a0<strong>Colormont spol. s r. o.<\/strong>\u00a0udr\u017euje st\u00e1l\u00e9 kontakty s dovozci \u0161pi\u010dkov\u00fdch sv\u011btov\u00fdch n\u00e1t\u011brov\u00fdch syst\u00e9m\u016f. Pracovn\u00edci firmy pro\u0161li p\u0159\u00edslu\u0161n\u00fdmi \u0161kolen\u00edmi a firma Colormont je dr\u017eitelem certifik\u00e1t\u016f osv\u011bd\u010duj\u00edc\u00edch na\u0161i schopnost aplikovat tyto n\u00e1t\u011brov\u00e9 syst\u00e9my v pat\u0159i\u010dn\u00e9 kvalit\u011b. Dlouhodob\u011b spolupracujeme z\u00e1stupci v\u00fdrobc\u016f n\u00e1t\u011brov\u00fdch hmot\u00a0<strong>International, Rembrantin, Thortex, Copon a Hempel<\/strong>.<\/span><\/p>\n<p>&nbsp;<\/p>\n<p align=\"center\"><span style=\"font-size: small;\"><img loading=\"lazy\" decoding=\"async\" src=\"http:\/\/www.colormont.cz\/Portals\/5\/Images\/interprotcoat.jpg\" alt=\"\" width=\"181\" height=\"50\" \/>\u00a0\u00a0\u00a0\u00a0\u00a0\u00a0\u00a0\u00a0<img loading=\"lazy\" decoding=\"async\" src=\"http:\/\/www.colormont.cz\/Portals\/5\/Images\/rembrandtin.jpg\" alt=\"\" width=\"146\" height=\"50\" \/>\u00a0\u00a0\u00a0\u00a0 \u00a0\u00a0\u00a0<\/span><span style=\"font-size: small;\"><img loading=\"lazy\" decoding=\"async\" src=\"http:\/\/www.colormont.cz\/Portals\/5\/Images\/thorex.jpg\" alt=\"\" width=\"124\" height=\"75\" \/>\u00a0\u00a0\u00a0\u00a0\u00a0\u00a0\u00a0\u00a0<\/span><span style=\"font-size: small;\"><img loading=\"lazy\" decoding=\"async\" src=\"http:\/\/www.colormont.cz\/Portals\/5\/Images\/hempel.jpg\" alt=\"\" width=\"75\" height=\"75\" \/><\/span><\/p>\n<p>&nbsp;<\/p>\n<p align=\"justify\"><span style=\"font-size: small;\">Preferujeme pou\u017e<\/span><span style=\"font-size: small;\">it\u00ed n\u00e1t\u011brov\u00fdch hmot v\u00fdrobc\u016f s<\/span><span style=\"font-size: small;\">\u00a0nimi\u017e m\u00e1me letit\u00e9 pozitivn\u00ed zku\u0161enosti, jsme tedy schopni seriozn\u011b garantovat jejich kvalitu. Tyto garance vych\u00e1zej\u00ed z pozitivn\u00edch v\u00fdsledk\u016f zkou\u0161ek prov\u00e1d\u011bn\u00fdch v pr\u016fb\u011bhu a po ukon\u010den\u00ed aplikac\u00ed. Zp\u016fsob aplikace je pak z\u00e1visl\u00fd na konkr\u00e9tn\u00edm navr\u017een\u00e9m n\u00e1t\u011brov\u00e9m syst\u00e9mu a je specifikov\u00e1n v n\u00e1t\u011brov\u00e9m projektu.<\/span><\/p>\n<p align=\"justify\"><span style=\"font-size: small;\">P\u0159i vypracov\u00e1n\u00ed n\u00e1t\u011brov\u00e9ho projektu bereme v \u00favahu prost\u0159ed\u00ed expozice a o\u010dek\u00e1vanou \u017eivotnost dle\u00a0<strong>\u010cSN ISO 9223 a \u010cSN EN ISO 12944-2<\/strong>, n\u00e1roky na vzhled povrchu (lesklost), n\u00e1roky na odolnost proti UV z\u00e1\u0159en\u00ed (slune\u010dn\u00ed expozice) a po zv\u00e1\u017een\u00ed v\u0161ech t\u011bchto a dal\u0161\u00edch vliv\u016f se sna\u017e\u00edme navrhnout kvalitativn\u011b a cenov\u011b nejv\u00fdhodn\u011bj\u0161\u00ed \u0159e\u0161en\u00ed.<\/span><\/p>\n<p align=\"justify\"><span style=\"font-size: small;\">Prov\u00e1d\u00edme aplikace n\u00e1t\u011br\u016f na kovov\u00fdch konstrukc\u00edch, technologick\u00fdch za\u0159\u00edzen\u00edch, potrubn\u00edch mostech, n\u00e1dr\u017e\u00edch, okenn\u00edch konstrukc\u00edch, st\u0159ech\u00e1ch a jin\u00fdch \u010d\u00e1stech pr\u016fmyslov\u00fdch objekt\u016f. Na z\u00e1klad\u011b test\u016f proveden\u00fdch na\u0161imi techniky navrhujeme projekt n\u00e1t\u011brov\u00e9ho syst\u00e9mu v\u010d. pl\u00e1nu \u0159\u00edzen\u00ed jakosti. Protokoly o zkou\u0161k\u00e1ch proveden\u00fdch dle tohoto pl\u00e1nu jsou ned\u00edlnou sou\u010d\u00e1st\u00ed na\u0161\u00ed p\u0159ed\u00e1vac\u00ed dokumentace.<\/span><\/p>\n<\/div>\n<\/div>\n<\/td>\n<\/tr>\n<tr>\n<td>\n<table border=\"0\" width=\"100%\" cellspacing=\"0\" cellpadding=\"0\">\n<tbody>\n<tr>\n<td class=\"containerrow1_empty\"><\/td>\n<td id=\"dnn_ctr566_ContentPane\" class=\"DNNAlignleft\" align=\"center\">\n<div id=\"dnn_ctr566_ModuleContent\">\n<div id=\"dnn_ctr566_HtmlModule_HtmlModule_lblContent\" class=\"Normal\">\n<p align=\"center\"><img loading=\"lazy\" decoding=\"async\" src=\"http:\/\/www.colormont.cz\/Portals\/5\/fotky\/dukovany.jpg\" alt=\"\" width=\"200\" height=\"141\" \/>\u00a0<img loading=\"lazy\" decoding=\"async\" src=\"http:\/\/www.colormont.cz\/Portals\/5\/fotky\/kotelnavb3.jpg\" alt=\"\" width=\"200\" height=\"141\" \/>\u00a0<img loading=\"lazy\" decoding=\"async\" src=\"http:\/\/www.colormont.cz\/Portals\/5\/fotky\/strecha%20a%20vzdusniky%20dalkia.jpg\" alt=\"\" width=\"200\" height=\"141\" \/><\/p>\n<\/div>\n<\/div>\n<\/td>\n<\/tr>\n<\/tbody>\n<\/table>\n<\/td>\n<\/tr>\n<\/tbody>\n<\/table>\n","protected":false},"excerpt":{"rendered":"<p>Firma\u00a0Colormont spol. s r. o.\u00a0udr\u017euje st\u00e1l\u00e9 kontakty s dovozci \u0161pi\u010dkov\u00fdch sv\u011btov\u00fdch n\u00e1t\u011brov\u00fdch syst\u00e9m\u016f. Pracovn\u00edci firmy pro\u0161li p\u0159\u00edslu\u0161n\u00fdmi \u0161kolen\u00edmi a firma Colormont je dr\u017eitelem certifik\u00e1t\u016f osv\u011bd\u010duj\u00edc\u00edch na\u0161i schopnost aplikovat tyto n\u00e1t\u011brov\u00e9 syst\u00e9my v pat\u0159i\u010dn\u00e9 kvalit\u011b. Dlouhodob\u011b spolupracujeme z\u00e1stupci v\u00fdrobc\u016f n\u00e1t\u011brov\u00fdch hmot\u00a0International,<\/p>\n","protected":false},"author":1,"featured_media":0,"parent":0,"menu_order":0,"comment_status":"closed","ping_status":"closed","template":"","meta":{"footnotes":""},"class_list":["post-76","page","type-page","status-publish","hentry"],"_links":{"self":[{"href":"https:\/\/www.colormont.cz\/index.php\/wp-json\/wp\/v2\/pages\/76","targetHints":{"allow":["GET"]}}],"collection":[{"href":"https:\/\/www.colormont.cz\/index.php\/wp-json\/wp\/v2\/pages"}],"about":[{"href":"https:\/\/www.colormont.cz\/index.php\/wp-json\/wp\/v2\/types\/page"}],"author":[{"embeddable":true,"href":"https:\/\/www.colormont.cz\/index.php\/wp-json\/wp\/v2\/users\/1"}],"replies":[{"embeddable":true,"href":"https:\/\/www.colormont.cz\/index.php\/wp-json\/wp\/v2\/comments?post=76"}],"version-history":[{"count":1,"href":"https:\/\/www.colormont.cz\/index.php\/wp-json\/wp\/v2\/pages\/76\/revisions"}],"predecessor-version":[{"id":77,"href":"https:\/\/www.colormont.cz\/index.php\/wp-json\/wp\/v2\/pages\/76\/revisions\/77"}],"wp:attachment":[{"href":"https:\/\/www.colormont.cz\/index.php\/wp-json\/wp\/v2\/media?parent=76"}],"curies":[{"name":"wp","href":"https:\/\/api.w.org\/{rel}","templated":true}]}}