{"id":70,"date":"2019-03-11T08:40:04","date_gmt":"2019-03-11T08:40:04","guid":{"rendered":"http:\/\/www.colormont.cz.uvirt75.active24.cz\/?page_id=70"},"modified":"2025-11-24T12:49:57","modified_gmt":"2025-11-24T12:49:57","slug":"reference","status":"publish","type":"page","link":"https:\/\/www.colormont.cz\/index.php\/reference\/","title":{"rendered":"Reference"},"content":{"rendered":"<p align=\"justify\"><span style=\"font-size: small;\">P\u016fsoben\u00ed na\u0161\u00ed firmy se orientuje p\u0159edev\u0161\u00edm na \u010desk\u00fd trh, kde pracujeme pro nejv\u011bt\u0161\u00ed \u010desk\u00e9 firmy jako je \u010cez, a. s. a Dalkia \u010cR a pro zn\u00e1m\u00e9 \u010desk\u00e9 firmy jako jsou Stelmar, s. r. o., Eneza, s. r. o., Pronto stavba, s. r. o. a mnoh\u00e9 jin\u00e9. Dok\u00e1zali jsme s velmi dobr\u00fdmi v\u00fdsledky realizovat zak\u00e1zky n\u00e1ro\u010dn\u00e9 na technologick\u00e9 proveden\u00ed v obou jadern\u00fdch elektr\u00e1rn\u00e1ch nach\u00e1zej\u00edc\u00edch se na \u00fazem\u00ed \u010cesk\u00e9 republiky v Temel\u00edn\u011b a Dukovanech. V sou\u010dasn\u00e9 dob\u011b pronik\u00e1me i na nov\u00e9 zahrani\u010dn\u00ed trhy, pracujeme v jadern\u00e9 elektr\u00e1rn\u011b ve \u0160v\u00e9dsku a tak si neust\u00e1le roz\u0161i\u0159ujeme obzory.<br \/>\n<\/span><\/p>\n<p align=\"justify\"><span style=\"font-size: small;\">Z\u00edsk\u00e1v\u00e1n\u00edm nov\u00fdch zku\u0161enost\u00ed v uplynul\u00fdch letech se veden\u00ed firmy p\u0159esv\u011bd\u010dilo o nezbytnosti neust\u00e1l\u00e9ho zkvalit\u0148ov\u00e1n\u00ed ve\u0161ker\u00fdch prov\u00e1d\u011bn\u00fdch \u010dinnost\u00ed, proto\u017ee zejm\u00e9na v kvalit\u011b a jej\u00ed d\u016fsledn\u00e9 kontrole spo\u010d\u00edv\u00e1 naprost\u00e1 spokojenost na\u0161ich sou\u010dasn\u00fdch, ale tak\u00e9 budouc\u00edch klient\u016f. V\u011b\u0159\u00edme, \u017ee i Vy po prostudov\u00e1n\u00ed na\u0161\u00ed nab\u00eddky projev\u00edte z\u00e1jem o spolupr\u00e1ci s na\u0161\u00ed spole\u010dnost\u00ed a stanete se na\u0161\u00edm obchodn\u00edm partnerem. V p\u0159\u00edpad\u011b Va\u0161eho z\u00e1jmu V\u00e1s r\u00e1di nav\u0161t\u00edv\u00edme.<\/span><\/p>\n<p>&nbsp;<\/p>\n<h4><\/h4>\n<h4><span id=\"dnn_ctr698_dnnTITLE_lblTitle\" class=\"Head\">P\u0159ehled referenc\u00ed<\/span><\/h4>\n<table id=\"dnn_ctr698_XModDisplay_dgXMods\" border=\"0\" cellspacing=\"2\" cellpadding=\"2\">\n<tbody>\n<tr class=\"GridBold\">\n<td>Popis<\/td>\n<td>M\u00edsto<\/td>\n<\/tr>\n<tr id=\"dnn_ctr698_XModDisplay_dgXMods_Row0\" class=\"Grid\">\n<td>Mont\u00e1\u017e a demont\u00e1\u017e le\u0161en\u00ed na fas\u00e1d\u011b byt. domu v Ostrav\u011b &#8211; Porub\u011b<\/td>\n<td>Tandem Group<\/td>\n<\/tr>\n<tr id=\"dnn_ctr698_XModDisplay_dgXMods_Row1\" class=\"Grid\">\n<td>Obnova n\u00e1t\u011bru p\u0159i GO st\u0159e\u0161n\u00edho pl\u00e1\u0161t\u011b haly patentov\u00e1ny II. etapa &#8211; Bohum\u00edn<\/td>\n<td>Pr\u016fmyslov\u00e9 mont\u00e1\u017ee s.r.o.<\/td>\n<\/tr>\n<tr id=\"dnn_ctr698_XModDisplay_dgXMods_Row2\" class=\"Grid\">\n<td>N\u00e1t\u011br plynov\u00e9ho potrub\u00ed na Koksovn\u011b v T\u017d<\/td>\n<td>PROFIVAL s.r.o., T\u0159inec<\/td>\n<\/tr>\n<tr id=\"dnn_ctr698_XModDisplay_dgXMods_Row3\" class=\"Grid\">\n<td>Z\u00e1me\u010dnick\u00e9 pr\u00e1ce na akci VB 4 &#8211; Oprava lev\u00e9 bo\u010dn\u00ed st\u011bny \u0161otov\u00e9ho prostoru PG 650 v ED\u011b<\/td>\n<td>Technomont Mochovce spol. s r.o.<\/td>\n<\/tr>\n<tr id=\"dnn_ctr698_XModDisplay_dgXMods_Row4\" class=\"Grid\">\n<td>N\u00e1t\u011br nosn\u00edk\u016f v\u00fdsypky pod LJ 42<\/td>\n<td>Stelmar s.r.o.<\/td>\n<\/tr>\n<tr id=\"dnn_ctr698_XModDisplay_dgXMods_Row5\" class=\"Grid\">\n<td>Mont\u00e1\u017e a demont\u00e1\u017e le\u0161en\u00ed na potrub\u00ed na akci &#8222;Oprava n\u00e1t\u011bru potrub\u00ed VPP DN 3000&#8220; v T\u0159inci<\/td>\n<td>HU\u010c\u00cdK &#8211; pr\u016fmyslov\u00e9 n\u00e1t\u011bry s.r.o.<\/td>\n<\/tr>\n<tr id=\"dnn_ctr698_XModDisplay_dgXMods_Row6\" class=\"Grid\">\n<td>N\u00e1t\u011br \u017eelezni\u010dn\u00edho mostu v \u00faseku Karvin\u00e1 Doly &#8211; Darkov<\/td>\n<td>HU\u010c\u00cdK &#8211; pr\u016fmyslov\u00e9 n\u00e1t\u011bry s.r.o.<\/td>\n<\/tr>\n<tr id=\"dnn_ctr698_XModDisplay_dgXMods_Row7\" class=\"Grid\">\n<td>N\u00e1t\u011bry podv\u011bsn\u00fdch drah manipul\u00e1tor\u016f<\/td>\n<td>Pr\u016fmyslov\u00e9 mont\u00e1\u017ee s.r.o.<\/td>\n<\/tr>\n<tr id=\"dnn_ctr698_XModDisplay_dgXMods_Row8\" class=\"Grid\">\n<td>Otrysk\u00e1n\u00ed povrchu transform\u00e1tor\u016f T29 a T21 a ocelov\u00e9 konstrukce v trafo, kobce, proveden\u00ed n\u00e1st\u0159iku transform\u00e1tor\u016f T29 a T21<\/td>\n<td>AmpluServis, a.s.<\/td>\n<\/tr>\n<tr id=\"dnn_ctr698_XModDisplay_dgXMods_Row9\" class=\"Grid\">\n<td>N\u00e1t\u011bry 6 ks p\u0159\u00edhradov\u00fdch sto\u017e\u00e1r\u016f na akci Mo\u0161nov<\/td>\n<td>MSEM, a.s.<\/td>\n<\/tr>\n<tr id=\"dnn_ctr698_XModDisplay_dgXMods_Row10\" class=\"Grid\">\n<td>N\u00e1t\u011br konstrukce mostu Karvin\u00e1 Doly &#8211; Albrechtice &#8211; 3320 m<\/td>\n<td>Autolack EX-PR-ES, spol. s r.o.<\/td>\n<\/tr>\n<tr id=\"dnn_ctr698_XModDisplay_dgXMods_Row11\" class=\"Grid\">\n<td>Le\u0161en\u00ed ve spalovac\u00ed komo\u0159e po cel\u00e9 v\u00fd\u0161ce rohu \u010d. 2 na VB 3 na Elektr\u00e1rn\u011b v D\u011btmarovic\u00edch<\/td>\n<td>ALSTOM Power, s.r.o.<\/td>\n<\/tr>\n<tr id=\"dnn_ctr698_XModDisplay_dgXMods_Row12\" class=\"Grid\">\n<td>Le\u0161en\u00ed ve spalovac\u00ed komo\u0159e VB 4 na Elektr\u00e1rn\u011b v D\u011btmarovic\u00edch<\/td>\n<td>ALSTOM Power, s.r.o.<\/td>\n<\/tr>\n<tr id=\"dnn_ctr698_XModDisplay_dgXMods_Row13\" class=\"Grid\">\n<td>Le\u0161en\u00ed pro otr\u00fdsk\u00e1n\u00ed a n\u00e1t\u011br potrub\u00ed &#8211; VD Karol\u00ednka<\/td>\n<td>C. a P.P. Zl\u00edn, s.r.o.<\/td>\n<\/tr>\n<\/tbody>\n<\/table>\n<p>&nbsp;<\/p>\n<h4>Firma Colormont, spol. s r.o. pracovala i na t\u011bchto zak\u00e1zk\u00e1ch<\/h4>\n<table id=\"dnn_ctr534_XModDisplay_dgXMods\" border=\"0\" cellspacing=\"2\" cellpadding=\"2\">\n<tbody>\n<tr class=\"GridBold\">\n<td>Popis<\/td>\n<td>M\u00edsto<\/td>\n<\/tr>\n<tr id=\"dnn_ctr534_XModDisplay_dgXMods_Row0\" class=\"Grid\">\n<td>Oprava n\u00e1t\u011br\u016f ocelov\u00e9 konstrukce<\/td>\n<td>\u010cEZ, a.s. ED\u011b<\/td>\n<\/tr>\n<tr id=\"dnn_ctr534_XModDisplay_dgXMods_Row1\" class=\"Grid\">\n<td>MT, DMT a pron\u00e1jem le\u0161en\u00ed na turb\u00edn\u011b TG 33<\/td>\n<td>Technomont Fr\u00fddek-M\u00edstek, s.r.o.<\/td>\n<\/tr>\n<tr id=\"dnn_ctr534_XModDisplay_dgXMods_Row2\" class=\"Grid\">\n<td>MT, DMT le\u0161en\u00ed ve strojovn\u011b TG 15<\/td>\n<td>STELMAR, s.r.o.,El. D\u011btmarovice<\/td>\n<\/tr>\n<tr id=\"dnn_ctr534_XModDisplay_dgXMods_Row3\" class=\"Grid\">\n<td>N\u00e1t\u011bry h\u00e1kov\u00fdch \u010d\u00e1st\u00ed \u2013 RGO K12 v ETB<\/td>\n<td>Slovensk\u00e9 energetick\u00e9 stroj\u00edrny, a.s.<\/td>\n<\/tr>\n<tr id=\"dnn_ctr534_XModDisplay_dgXMods_Row4\" class=\"Grid\">\n<td>Opravy n\u00e1t\u011br\u016f OK shazovac\u00edho vozu \u010d. 2<\/td>\n<td>\u010cez, a.s., ED\u011b<\/td>\n<\/tr>\n<tr id=\"dnn_ctr534_XModDisplay_dgXMods_Row5\" class=\"Grid\">\n<td>Le\u0161en\u00e1\u0159sk\u00e9 pr\u00e1ce<\/td>\n<td>Hutn\u00ed projekt, F-M, V\u00edtkovick\u00e9 proj.<\/td>\n<\/tr>\n<tr id=\"dnn_ctr534_XModDisplay_dgXMods_Row6\" class=\"Grid\">\n<td>Le\u0161en\u00e1\u0159sk\u00e9 pr\u00e1ce a n\u00e1t\u011bry tanku u S\u00fdkorova mostu<\/td>\n<td>S. N. E. T. Ostrava, s.r.o.<\/td>\n<\/tr>\n<tr id=\"dnn_ctr534_XModDisplay_dgXMods_Row7\" class=\"Grid\">\n<td>N\u00e1t\u011bry ocelov\u00fdch konstrukc\u00ed m\u016fstk\u016f a l\u00e1vky v Opav\u011b<\/td>\n<td>763 PRONTO stavba s.r.o.<\/td>\n<\/tr>\n<tr id=\"dnn_ctr534_XModDisplay_dgXMods_Row8\" class=\"Grid\">\n<td>N\u00e1t\u011bry potrub\u00ed DN 530<\/td>\n<td>\u010cez, a.s., El. D\u011btmarovice<\/td>\n<\/tr>\n<tr id=\"dnn_ctr534_XModDisplay_dgXMods_Row9\" class=\"Grid\">\n<td>N\u00e1t\u011bry 5 ks sto\u017e\u00e1r\u016f 22 kv VN 158 (83)<\/td>\n<td>MSEM, a.s.<\/td>\n<\/tr>\n<tr id=\"dnn_ctr534_XModDisplay_dgXMods_Row10\" class=\"Grid\">\n<td>Le\u0161en\u00e1\u0159sk\u00e9 pr\u00e1ce v El. v T\u0159ebovic\u00edch<\/td>\n<td>VA TECH EZ<\/td>\n<\/tr>\n<tr id=\"dnn_ctr534_XModDisplay_dgXMods_Row11\" class=\"Grid\">\n<td>Le\u0161en\u00e1\u0159sk\u00e9 pr\u00e1ce na Dalkii, a.s., z\u00e1vod TOV<\/td>\n<td>ALKO,sdru\u017een\u00ed v\u00fd\u0161kov\u00fdch specialist\u016f<\/td>\n<\/tr>\n<tr id=\"dnn_ctr534_XModDisplay_dgXMods_Row12\" class=\"Grid\">\n<td>N\u00e1t\u011br podlah odstruskovac\u00edho mostu 2. \u010d\u00e1st<\/td>\n<td>\u010cez, a.s. El. D\u011btmarovice<\/td>\n<\/tr>\n<tr id=\"dnn_ctr534_XModDisplay_dgXMods_Row13\" class=\"Grid\">\n<td>N\u00e1t\u011br z\u00e1bradl\u00ed l\u00e1vek a m\u016fstk\u016f v Opav\u011b<\/td>\n<td>PRONTO stavba, s.r.o.<\/td>\n<\/tr>\n<tr id=\"dnn_ctr534_XModDisplay_dgXMods_Row14\" class=\"Grid\">\n<td>Le\u0161en\u00ed pro GO VP 4<\/td>\n<td>MATEJKA T\u0158INEC, s.r.o.<\/td>\n<\/tr>\n<tr id=\"dnn_ctr534_XModDisplay_dgXMods_Row15\" class=\"Grid\">\n<td>Le\u0161. pr\u00e1ce v regenera\u010dn\u00edm kotli a vakuokompresoru<\/td>\n<td>Technomont, s.r.o.<\/td>\n<\/tr>\n<tr id=\"dnn_ctr534_XModDisplay_dgXMods_Row16\" class=\"Grid\">\n<td>Le\u0161en\u00e1\u0159sk\u00e9 pr\u00e1ce v T\u0159ineck\u00fdch \u017eelez\u00e1rn\u00e1ch<\/td>\n<td>HU\u010c\u00cdK, s.r.o.<\/td>\n<\/tr>\n<tr id=\"dnn_ctr534_XModDisplay_dgXMods_Row17\" class=\"Grid\">\n<td>Le\u0161en\u00e1\u0159sk\u00e9 pr\u00e1ce prostorov\u00e9ho le\u0161en\u00ed<\/td>\n<td>STELMAR, s.r.o.<\/td>\n<\/tr>\n<tr id=\"dnn_ctr534_XModDisplay_dgXMods_Row18\" class=\"Grid\">\n<td>V\u011btrn\u00edky strojn\u00edch kompresorek (Dale\u0161ice)<\/td>\n<td>\u010cez a.s.<\/td>\n<\/tr>\n<tr id=\"dnn_ctr534_XModDisplay_dgXMods_Row19\" class=\"Grid\">\n<td>Le\u0161en\u00e1\u0159sk\u00e9 pr\u00e1ce, oprava pr\u00e1skov\u00fdch ho\u0159\u00e1k\u016f ED\u011a<\/td>\n<td>ALSTOM Power, s.r.o.<\/td>\n<\/tr>\n<tr id=\"dnn_ctr534_XModDisplay_dgXMods_Row20\" class=\"Grid\">\n<td>N\u00e1t\u011br nas\u00e1vac\u00edho kan\u00e1lu GOVB4 studen\u00e9ho vzduchu<\/td>\n<td>\u010cEZ, a.s. El. D\u011btmarovice<\/td>\n<\/tr>\n<tr id=\"dnn_ctr534_XModDisplay_dgXMods_Row21\" class=\"Grid\">\n<td>Opravy n\u00e1t\u011br\u016f<\/td>\n<td>ZVVR Milevsko<\/td>\n<\/tr>\n<tr id=\"dnn_ctr534_XModDisplay_dgXMods_Row22\" class=\"Grid\">\n<td>Oprava vnit\u0159n\u00edch povrch\u016f n\u00e1d\u0159\u017ee NAOH v TPV<\/td>\n<td>Dalkia \u010cR<\/td>\n<\/tr>\n<tr id=\"dnn_ctr534_XModDisplay_dgXMods_Row23\" class=\"Grid\">\n<td>Oprava n\u00e1t\u011br\u016f ocelov\u00e9 konstrukce<\/td>\n<td>\u010cEZ, a.s. ED\u011b<\/td>\n<\/tr>\n<tr id=\"dnn_ctr534_XModDisplay_dgXMods_Row24\" class=\"Grid\">\n<td>N\u00e1t\u011br podlahy odstruskovac\u00edho mostu 3. \u010d\u00e1st<\/td>\n<td>\u010cEZ, a.s. ED\u011b<\/td>\n<\/tr>\n<tr id=\"dnn_ctr534_XModDisplay_dgXMods_Row25\" class=\"Grid\">\n<td>Le\u0161en\u00e1\u0159sk\u00e9 pr\u00e1ce (Gener\u00e1ln\u00ed oprava VB4) na ED\u011b<\/td>\n<td>Technomont F-M, s.r.o.<\/td>\n<\/tr>\n<tr id=\"dnn_ctr534_XModDisplay_dgXMods_Row26\" class=\"Grid\">\n<td>Le\u0161en\u00e1\u0159sk\u00e9 pr\u00e1ce<\/td>\n<td>KOHUT T\u0159inec, s.r.o.<\/td>\n<\/tr>\n<tr id=\"dnn_ctr534_XModDisplay_dgXMods_Row27\" class=\"Grid\">\n<td>Le\u0161en\u00e1\u0159sk\u00e9 pr\u00e1ce v Elektr\u00e1rn\u011b T\u0159ebovice<\/td>\n<td>ENEZA, s.r.o.<\/td>\n<\/tr>\n<tr id=\"dnn_ctr534_XModDisplay_dgXMods_Row28\" class=\"Grid\">\n<td>Le\u0161en\u00e1\u0159sk\u00e9 pr\u00e1ce v absorb\u00e9ru \u010d. 1 v El. D\u011btm.<\/td>\n<td>STELMAR, s.r.o. ED\u011b<\/td>\n<\/tr>\n<tr id=\"dnn_ctr534_XModDisplay_dgXMods_Row29\" class=\"Grid\">\n<td>Le\u0161en\u00e1\u0159sk\u00e9 pr\u00e1ce<\/td>\n<td>MADT st\u0159echy-zateplov\u00e1n\u00ed<\/td>\n<\/tr>\n<tr id=\"dnn_ctr534_XModDisplay_dgXMods_Row30\" class=\"Grid\">\n<td>\u010cist\u00edc\u00ed pr\u00e1ce, tryskac\u00ed a \u00faklidov\u00e9 pr\u00e1ce<\/td>\n<td>CHESTERTON \u010cR, s.r.o.<\/td>\n<\/tr>\n<tr id=\"dnn_ctr534_XModDisplay_dgXMods_Row31\" class=\"Grid\">\n<td>Trysk\u00e1n\u00ed a n\u00e1t\u011br 2 ks ventil\u00e1tor\u016f<\/td>\n<td>ZVVZ Milevsko<\/td>\n<\/tr>\n<tr id=\"dnn_ctr534_XModDisplay_dgXMods_Row32\" class=\"Grid\">\n<td>Le\u0161en\u00e1\u0159sk\u00e9 pr\u00e1ce na proveden\u00ed izolac\u00ed<\/td>\n<td>Slovtepmont, a.s.<\/td>\n<\/tr>\n<tr id=\"dnn_ctr534_XModDisplay_dgXMods_Row33\" class=\"Grid\">\n<td>Demoli\u010dn\u00ed a demont\u00e1\u017en\u00ed pr\u00e1ce p\u0159i rek. st\u0159e\u0161n\u00edho pl\u00e1\u0161t\u011b<\/td>\n<td>ROMEX, s.r.o.<\/td>\n<\/tr>\n<tr id=\"dnn_ctr534_XModDisplay_dgXMods_Row34\" class=\"Grid\">\n<td>Le\u0161en\u00e1\u0159sk\u00e9 pr\u00e1ce na kotli K4 v ED\u011b<\/td>\n<td>Energetick\u00e9 opravy, a.s.<\/td>\n<\/tr>\n<tr id=\"dnn_ctr534_XModDisplay_dgXMods_Row35\" class=\"Grid\">\n<td>Le\u0161en\u00e1\u0159sk\u00e9 pr\u00e1ce na akci BIOCEL PASKKOV<\/td>\n<td>Technomont F-M, s.r.o.<\/td>\n<\/tr>\n<tr id=\"dnn_ctr534_XModDisplay_dgXMods_Row36\" class=\"Grid\">\n<td>Le\u0161en\u00e1\u0159sk\u00e9 pr\u00e1ce + n\u00e1t\u011b\u0159 2 ks \u017eelezn. most\u016f<\/td>\n<td>HU\u010c\u00cdK, s.r.o.<\/td>\n<\/tr>\n<tr id=\"dnn_ctr534_XModDisplay_dgXMods_Row37\" class=\"Grid\">\n<td>V\u00fdm\u011bna sedimenta\u010dn\u00edho podla\u017e\u00ed betonov\u00e9 vany<\/td>\n<td>\u010cEZ, a.s. ED\u011b<\/td>\n<\/tr>\n<tr id=\"dnn_ctr534_XModDisplay_dgXMods_Row38\" class=\"Grid\">\n<td>Demoli\u010dn\u00ed a demont\u00e1\u017en\u00ed pr\u00e1ce + pron\u00e1jem plochy<\/td>\n<td>ROMEX, s.r.o.<\/td>\n<\/tr>\n<tr id=\"dnn_ctr534_XModDisplay_dgXMods_Row39\" class=\"Grid\">\n<td>V\u00fdm\u011bna poch\u016fzn\u00edch ro\u0161t\u016f na potrubn\u00edm most\u011b<\/td>\n<td>\u010cEZ, a.s. ED\u011b<\/td>\n<\/tr>\n<tr id=\"dnn_ctr534_XModDisplay_dgXMods_Row40\" class=\"Grid\">\n<td>Le\u0161en\u00e1\u0159sk\u00e9 pr\u00e1ce na GOK4 \u2013 vzduchov\u00e9 kan\u00e1ly<\/td>\n<td>Slovtepmont, a.s.<\/td>\n<\/tr>\n<tr id=\"dnn_ctr534_XModDisplay_dgXMods_Row41\" class=\"Grid\">\n<td>Le\u0161en\u00e1\u0159sk\u00e9 pr\u00e1ce (Rekonstrukce uheln\u00fdch z\u00e1sobn\u00edk\u016f)<\/td>\n<td>EZOTECH, s.r.o.<\/td>\n<\/tr>\n<tr id=\"dnn_ctr534_XModDisplay_dgXMods_Row42\" class=\"Grid\">\n<td>Oprava vnit\u0159n\u00edho povrchu n\u00e1dr\u017ee \u010d. 2<\/td>\n<td>Dalkia \u010cR<\/td>\n<\/tr>\n<tr id=\"dnn_ctr534_XModDisplay_dgXMods_Row43\" class=\"Grid\">\n<td>N\u00e1t\u011br 3 ks p\u0159\u00edhradov\u00fdch sto\u017e\u00e1r\u016f v Pet\u0159vald\u011b<\/td>\n<td>MSEM, a.s.<\/td>\n<\/tr>\n<tr id=\"dnn_ctr534_XModDisplay_dgXMods_Row44\" class=\"Grid\">\n<td>Le\u0161en\u00e1\u0159sk\u00e9 pr\u00e1ce (Demivoda T\u0159inec, z\u00e1sobn\u00edky)<\/td>\n<td>S.N.E.T., s.r.o.<\/td>\n<\/tr>\n<tr id=\"dnn_ctr534_XModDisplay_dgXMods_Row45\" class=\"Grid\">\n<td>Oprava objektu po demont\u00e1\u017ei<\/td>\n<td>\u010cEZ, a.s. ED\u011b<\/td>\n<\/tr>\n<tr id=\"dnn_ctr534_XModDisplay_dgXMods_Row46\" class=\"Grid\">\n<td>N\u00e1t\u011br 2 osv\u011btlovac\u00edch sto\u017e\u00e1r\u016f<\/td>\n<td>Ampluservis, a.s.<\/td>\n<\/tr>\n<\/tbody>\n<\/table>\n","protected":false},"excerpt":{"rendered":"<p>P\u016fsoben\u00ed na\u0161\u00ed firmy se orientuje p\u0159edev\u0161\u00edm na \u010desk\u00fd trh, kde pracujeme pro nejv\u011bt\u0161\u00ed \u010desk\u00e9 firmy jako je \u010cez, a. s. a Dalkia \u010cR a pro zn\u00e1m\u00e9 \u010desk\u00e9 firmy jako jsou Stelmar, s. r. o., Eneza, s. r. o., Pronto stavba,<\/p>\n","protected":false},"author":1,"featured_media":0,"parent":0,"menu_order":0,"comment_status":"closed","ping_status":"closed","template":"","meta":{"footnotes":""},"class_list":["post-70","page","type-page","status-publish","hentry"],"_links":{"self":[{"href":"https:\/\/www.colormont.cz\/index.php\/wp-json\/wp\/v2\/pages\/70","targetHints":{"allow":["GET"]}}],"collection":[{"href":"https:\/\/www.colormont.cz\/index.php\/wp-json\/wp\/v2\/pages"}],"about":[{"href":"https:\/\/www.colormont.cz\/index.php\/wp-json\/wp\/v2\/types\/page"}],"author":[{"embeddable":true,"href":"https:\/\/www.colormont.cz\/index.php\/wp-json\/wp\/v2\/users\/1"}],"replies":[{"embeddable":true,"href":"https:\/\/www.colormont.cz\/index.php\/wp-json\/wp\/v2\/comments?post=70"}],"version-history":[{"count":5,"href":"https:\/\/www.colormont.cz\/index.php\/wp-json\/wp\/v2\/pages\/70\/revisions"}],"predecessor-version":[{"id":159,"href":"https:\/\/www.colormont.cz\/index.php\/wp-json\/wp\/v2\/pages\/70\/revisions\/159"}],"wp:attachment":[{"href":"https:\/\/www.colormont.cz\/index.php\/wp-json\/wp\/v2\/media?parent=70"}],"curies":[{"name":"wp","href":"https:\/\/api.w.org\/{rel}","templated":true}]}}