{"id":63,"date":"2019-03-11T08:36:19","date_gmt":"2019-03-11T08:36:19","guid":{"rendered":"http:\/\/www.colormont.cz.uvirt75.active24.cz\/?page_id=63"},"modified":"2019-04-09T14:33:46","modified_gmt":"2019-04-09T14:33:46","slug":"cinnosti","status":"publish","type":"page","link":"https:\/\/www.colormont.cz\/index.php\/cinnosti\/","title":{"rendered":"\u010cinnosti"},"content":{"rendered":"\r\n<p>N\u00e1t\u011brov\u00fd syst\u00e9m na obt\u00ed\u017en\u011b dostupn\u00fdch m\u00edstech, aplikujeme za pomoci vlastn\u00edho le\u0161en\u00ed nebo horolezeck\u00e9 techniky. Pr\u00e1ce ve zt\u00ed\u017een\u00e9m pracovn\u00edm prost\u0159ed\u00ed a v m\u00edstech se zv\u00fd\u0161en\u00fdmi n\u00e1roky na po\u017e\u00e1rn\u00ed bezpe\u010dnost realizujeme pomoc\u00ed nucen\u00e9ho v\u011btr\u00e1n\u00ed ventil\u00e1tory a za pou\u017eit\u00ed d\u00fdchac\u00edch p\u0159\u00edstroj\u016f zn. Drager. V r\u00e1mci \u010dinnost\u00ed, kter\u00e9 souvis\u00ed s realizac\u00ed d\u00edla, z\u00e1rove\u0148 prov\u00e1d\u00edme d\u00edl\u010d\u00ed z\u00e1me\u010dnick\u00e9 a stavebn\u00ed pr\u00e1ce.<\/p>\r\n\r\n\r\n\r\n<p><strong>Prov\u00e1d\u00edme tyto \u010dinnosti<\/strong><\/p>\r\n\r\n\r\n\r\n<p><a href=\"http:\/\/www.colormont.cz.uvirt75.active24.cz\/index.php\/natery\/\"><strong>N\u00c1T\u011aRY<\/strong><\/a><\/p>\r\n\r\n\r\n\r\n<p><a href=\"http:\/\/www.colormont.cz.uvirt75.active24.cz\/index.php\/priprava-povrchu\/\"><strong>P\u0158\u00cdPRAVA POVRCHU &#8211; ABRAZIVN\u00cd TRYSK\u00c1N\u00cd<\/strong><\/a><\/p>\r\n\r\n\r\n\r\n<p><a href=\"http:\/\/www.colormont.cz.uvirt75.active24.cz\/index.php\/stavba-leseni\/\"><strong>STAVBA LE\u0160EN\u00cd A V\u00dd\u0160KOV\u00c9 PR\u00c1CE<\/strong><\/a><\/p>\r\n\r\n\r\n\r\n<p>Na\u0161e p\u0159\u00edsn\u00e9 dodr\u017eov\u00e1n\u00ed kvalitativn\u00edch standard\u016f, bylo ocen\u011bno z\u00e1stupci p\u0159edn\u00edch sv\u011btov\u00fdch v\u00fdrobc\u016f n\u00e1t\u011brov\u00fdch hmot, ud\u011blen\u00edm autoriza\u010dn\u00edch certifik\u00e1t\u016f (Hempel, International, Rembrandtin, Thortex).<\/p>\r\n\r\n\r\n\r\n<p><br \/>Kvalitu na\u0161\u00ed pr\u00e1ce zlep\u0161uj\u00ed neust\u00e1l\u00e9 kontroly m\u011b\u0159en\u00ed tlou\u0161\u0165ky povlak\u016f kalibra\u010dn\u00edm p\u0159\u00edstrojem\u00a0<strong>\u201ePOSITECTOR 6000\u201c<\/strong>, na kter\u00fd vlastn\u00edme certifik\u00e1t. Ned\u00edlnou sou\u010d\u00e1st\u00ed na\u0161\u00ed \u010dinnosti jsou tak\u00e9 m\u011b\u0159en\u00ed pomoc\u00ed dal\u0161\u00edch p\u0159\u00edstroj\u016f (teplom\u011bry vzduchu a povrchu, vlhkom\u011bry, kalkul\u00e1tory rosn\u00e9ho bodu, tlou\u0161\u0165kom\u011bry such\u00e9 tlou\u0161\u0165ky a m\u011brky mokr\u00e9 tlou\u0161\u0165ky n\u00e1t\u011bru), kter\u00e9 pat\u0159\u00ed k na\u0161emu vybaven\u00ed. Na\u0161e firma rovn\u011b\u017e disponuje vlastn\u00edm vysokotlak\u00fdm hydro\u010dist\u00edc\u00edm za\u0159\u00edzen\u00edm WAP, vysokotlak\u00fdm st\u0159\u00edkac\u00edm za\u0159\u00edzen\u00edm, tryskac\u00edm za\u0159\u00edzen\u00edm \u201eTAIFUN\u201c apod.<\/p>\r\n\r\n\r\n\r\n<p><strong>Zaji\u0161\u0165ujeme tyto pr\u00e1ce, v\u010detn\u011b dod\u00e1n\u00ed pot\u0159ebn\u00e9ho materi\u00e1lu:<\/strong><\/p>\r\n<p><img loading=\"lazy\" decoding=\"async\" class=\"alignnone  wp-image-42\" src=\"http:\/\/www.colormont.cz.uvirt75.active24.cz\/wp-content\/uploads\/2019\/03\/logo_colormont_50.png\" alt=\"\" width=\"23\" height=\"23\" \/>n\u00e1t\u011bry kovov\u00fdch konstrukc\u00ed, technologick\u00fdch za\u0159\u00edzen\u00ed, potrubn\u00edch most\u016f, v\u0161ech druh\u016f n\u00e1dr\u017e\u00ed, oken, st\u0159ech, &#8230; a to jak tuzemsk\u00fdmi n\u00e1t\u011brov\u00fdmi hmotami tak i zahrani\u010dn\u00edmi<\/p>\r\n<p><img loading=\"lazy\" decoding=\"async\" class=\"alignnone  wp-image-42\" src=\"http:\/\/www.colormont.cz.uvirt75.active24.cz\/wp-content\/uploads\/2019\/03\/logo_colormont_50.png\" alt=\"\" width=\"23\" height=\"23\" \/>le\u0161en\u00e1\u0159sk\u00e9 pr\u00e1ce (mont\u00e1\u017e, demont\u00e1\u017e, pron\u00e1jem)<\/p>\r\n<p><img loading=\"lazy\" decoding=\"async\" class=\"alignnone  wp-image-42\" src=\"http:\/\/www.colormont.cz.uvirt75.active24.cz\/wp-content\/uploads\/2019\/03\/logo_colormont_50.png\" alt=\"\" width=\"23\" height=\"23\" \/>trysk\u00e1n\u00ed ocelov\u00fdch konstrukc\u00ed, hydro\u010di\u0161t\u011bn\u00ed syst\u00e9mem WAP<\/p>\r\n<p><img loading=\"lazy\" decoding=\"async\" class=\"alignnone  wp-image-42\" src=\"http:\/\/www.colormont.cz.uvirt75.active24.cz\/wp-content\/uploads\/2019\/03\/logo_colormont_50.png\" alt=\"\" width=\"23\" height=\"23\" \/>malby velk\u00fdch prostor, v\u010detn\u011b pou\u017eit\u00ed le\u0161en\u00ed<\/p>\r\n<p><img loading=\"lazy\" decoding=\"async\" class=\"alignnone  wp-image-42\" src=\"http:\/\/www.colormont.cz.uvirt75.active24.cz\/wp-content\/uploads\/2019\/03\/logo_colormont_50.png\" alt=\"\" width=\"23\" height=\"23\" \/>pr\u00e1ce ve v\u00fd\u0161k\u00e1ch za pomoci horolezeck\u00e9 techniky a pr\u00e1ce ve st\u00ed\u017een\u00e9m pracovn\u00edm prost\u0159ed\u00ed s pou\u017eit\u00edm d\u00fdchac\u00edho p\u0159\u00edstroje zn. Dr\u00e4ger<\/p>\r\n<p><img loading=\"lazy\" decoding=\"async\" class=\"alignnone  wp-image-42\" src=\"http:\/\/www.colormont.cz.uvirt75.active24.cz\/wp-content\/uploads\/2019\/03\/logo_colormont_50.png\" alt=\"\" width=\"23\" height=\"23\" \/> p\u0159\u00edpravn\u00e9 a dokon\u010dovac\u00ed pr\u00e1ce pro stavby<\/p>\r\n<p><img loading=\"lazy\" decoding=\"async\" class=\"alignnone  wp-image-42\" src=\"http:\/\/www.colormont.cz.uvirt75.active24.cz\/wp-content\/uploads\/2019\/03\/logo_colormont_50.png\" alt=\"\" width=\"23\" height=\"23\" \/>z\u00e1me\u010dnick\u00e9 pr\u00e1ce<\/p>\r\n<p><img loading=\"lazy\" decoding=\"async\" class=\"alignnone  wp-image-42\" src=\"http:\/\/www.colormont.cz.uvirt75.active24.cz\/wp-content\/uploads\/2019\/03\/logo_colormont_50.png\" alt=\"\" width=\"23\" height=\"23\" \/>bourac\u00ed pr\u00e1ce<\/p>\r\n<p><img loading=\"lazy\" decoding=\"async\" class=\"alignnone  wp-image-42\" src=\"http:\/\/www.colormont.cz.uvirt75.active24.cz\/wp-content\/uploads\/2019\/03\/logo_colormont_50.png\" alt=\"\" width=\"23\" height=\"23\" \/>zednick\u00e9 pr\u00e1ce v pr\u016fmyslov\u00fdch objektech (obklady, dla\u017eby, s\u00e1drokartony, om\u00edtky &#8230;)<\/p>\r\n\r\n\r\n\r\n<p>&nbsp;<\/p>\r\n<p class=\"has-large-font-size\"><strong>Certifik\u00e1ty:<\/strong><\/p>\r\n<p>&nbsp;<\/p>\r\n\r\n\r\n\r\n<ul class=\"wp-block-gallery columns-2 is-cropped wp-block-gallery-1 is-layout-flex wp-block-gallery-is-layout-flex\">\r\n<li class=\"blocks-gallery-item\">\r\n<figure><img loading=\"lazy\" decoding=\"async\" width=\"259\" height=\"367\" class=\"wp-image-64\" src=\"http:\/\/www.colormont.cz.uvirt75.active24.cz\/wp-content\/uploads\/2019\/03\/c-hempel.jpg\" alt=\"\" data-id=\"64\" data-link=\"http:\/\/www.colormont.cz.uvirt75.active24.cz\/?attachment_id=64\" srcset=\"https:\/\/www.colormont.cz\/wp-content\/uploads\/2019\/03\/c-hempel.jpg 259w, https:\/\/www.colormont.cz\/wp-content\/uploads\/2019\/03\/c-hempel-212x300.jpg 212w\" sizes=\"auto, (max-width: 259px) 100vw, 259px\" \/><\/figure>\r\n<\/li>\r\n<li class=\"blocks-gallery-item\">\r\n<figure><img loading=\"lazy\" decoding=\"async\" width=\"259\" height=\"366\" class=\"wp-image-67\" src=\"http:\/\/www.colormont.cz.uvirt75.active24.cz\/wp-content\/uploads\/2019\/03\/c-thorex.jpg\" alt=\"\" data-id=\"67\" data-link=\"http:\/\/www.colormont.cz.uvirt75.active24.cz\/?attachment_id=67\" srcset=\"https:\/\/www.colormont.cz\/wp-content\/uploads\/2019\/03\/c-thorex.jpg 259w, https:\/\/www.colormont.cz\/wp-content\/uploads\/2019\/03\/c-thorex-212x300.jpg 212w\" sizes=\"auto, (max-width: 259px) 100vw, 259px\" \/><\/figure>\r\n<\/li>\r\n<li class=\"blocks-gallery-item\">\r\n<figure><img loading=\"lazy\" decoding=\"async\" width=\"259\" height=\"366\" class=\"wp-image-65\" src=\"http:\/\/www.colormont.cz.uvirt75.active24.cz\/wp-content\/uploads\/2019\/03\/c-international.jpg\" alt=\"\" data-id=\"65\" data-link=\"http:\/\/www.colormont.cz.uvirt75.active24.cz\/?attachment_id=65\" srcset=\"https:\/\/www.colormont.cz\/wp-content\/uploads\/2019\/03\/c-international.jpg 259w, https:\/\/www.colormont.cz\/wp-content\/uploads\/2019\/03\/c-international-212x300.jpg 212w\" sizes=\"auto, (max-width: 259px) 100vw, 259px\" \/><\/figure>\r\n<\/li>\r\n<li class=\"blocks-gallery-item\">\r\n<figure><img loading=\"lazy\" decoding=\"async\" width=\"259\" height=\"366\" class=\"wp-image-66\" src=\"http:\/\/www.colormont.cz.uvirt75.active24.cz\/wp-content\/uploads\/2019\/03\/c-rembrandtin.jpg\" alt=\"\" data-id=\"66\" data-link=\"http:\/\/www.colormont.cz.uvirt75.active24.cz\/?attachment_id=66\" srcset=\"https:\/\/www.colormont.cz\/wp-content\/uploads\/2019\/03\/c-rembrandtin.jpg 259w, https:\/\/www.colormont.cz\/wp-content\/uploads\/2019\/03\/c-rembrandtin-212x300.jpg 212w\" sizes=\"auto, (max-width: 259px) 100vw, 259px\" \/><\/figure>\r\n<\/li>\r\n<\/ul>\r\n","protected":false},"excerpt":{"rendered":"<p>N\u00e1t\u011brov\u00fd syst\u00e9m na obt\u00ed\u017en\u011b dostupn\u00fdch m\u00edstech, aplikujeme za pomoci vlastn\u00edho le\u0161en\u00ed nebo horolezeck\u00e9 techniky. Pr\u00e1ce ve zt\u00ed\u017een\u00e9m pracovn\u00edm prost\u0159ed\u00ed a v m\u00edstech se zv\u00fd\u0161en\u00fdmi n\u00e1roky na po\u017e\u00e1rn\u00ed bezpe\u010dnost realizujeme pomoc\u00ed nucen\u00e9ho v\u011btr\u00e1n\u00ed ventil\u00e1tory a za pou\u017eit\u00ed d\u00fdchac\u00edch p\u0159\u00edstroj\u016f zn. Drager.<\/p>\n","protected":false},"author":1,"featured_media":0,"parent":0,"menu_order":0,"comment_status":"closed","ping_status":"closed","template":"","meta":{"footnotes":""},"class_list":["post-63","page","type-page","status-publish","hentry"],"_links":{"self":[{"href":"https:\/\/www.colormont.cz\/index.php\/wp-json\/wp\/v2\/pages\/63","targetHints":{"allow":["GET"]}}],"collection":[{"href":"https:\/\/www.colormont.cz\/index.php\/wp-json\/wp\/v2\/pages"}],"about":[{"href":"https:\/\/www.colormont.cz\/index.php\/wp-json\/wp\/v2\/types\/page"}],"author":[{"embeddable":true,"href":"https:\/\/www.colormont.cz\/index.php\/wp-json\/wp\/v2\/users\/1"}],"replies":[{"embeddable":true,"href":"https:\/\/www.colormont.cz\/index.php\/wp-json\/wp\/v2\/comments?post=63"}],"version-history":[{"count":7,"href":"https:\/\/www.colormont.cz\/index.php\/wp-json\/wp\/v2\/pages\/63\/revisions"}],"predecessor-version":[{"id":146,"href":"https:\/\/www.colormont.cz\/index.php\/wp-json\/wp\/v2\/pages\/63\/revisions\/146"}],"wp:attachment":[{"href":"https:\/\/www.colormont.cz\/index.php\/wp-json\/wp\/v2\/media?parent=63"}],"curies":[{"name":"wp","href":"https:\/\/api.w.org\/{rel}","templated":true}]}}