{"id":61,"date":"2019-03-11T08:31:30","date_gmt":"2019-03-11T08:31:30","guid":{"rendered":"http:\/\/www.colormont.cz.uvirt75.active24.cz\/?page_id=61"},"modified":"2019-03-11T08:31:31","modified_gmt":"2019-03-11T08:31:31","slug":"hlavni-stranka","status":"publish","type":"page","link":"https:\/\/www.colormont.cz\/","title":{"rendered":"Hlavn\u00ed str\u00e1nka"},"content":{"rendered":"\n<p class=\"has-medium-font-size\">V\u00edtejte na internetov\u00fdch str\u00e1nk\u00e1ch firmy Colormont spol. s r.o.<\/p>\n\n\n\n<p>Firma&nbsp;<strong>Colormont spol. s r. o.<\/strong>&nbsp;p\u016fsob\u00ed na trhu \u010cesk\u00e9 republiky ji\u017e od roku 1998. Tato p\u016fvodn\u011b mal\u00e1 firma za\u010d\u00ednala sv\u00e9 p\u016fsoben\u00ed na agloporitov\u00e9m z\u00e1vod\u011b ED\u011b a postupn\u011b rozv\u00edjela svoji \u010dinnost na r\u016fzn\u00fdch m\u00edstech cel\u00e9 republiky. Dnes je to ji\u017e zn\u00e1m\u00e1 a uzn\u00e1van\u00e1 firma s pevn\u00fdm z\u00e1zem\u00edm, kter\u00e1 m\u00e1 za sebou \u0159adu let \u00fasp\u011b\u0161n\u00e9 \u010dinnosti ve st\u00e1le n\u00e1ro\u010dn\u011bj\u0161\u00edm konkuren\u010dn\u00edm prost\u0159ed\u00ed. Obst\u00e1li jsme d\u00edky vysok\u00e9 kvalifikaci na\u0161ich zam\u011bstnanc\u016f, nekompromisn\u00edmu d\u016frazu na kvalitu pr\u00e1ce a naprost\u00e9mu respektu k z\u00e1jm\u016fm z\u00e1kazn\u00edka.<\/p>\n\n\n\n<p>V oblasti dod\u00e1vky a aplikace n\u00e1t\u011br\u016f jsme schopni uskute\u010dnit akci od po\u010d\u00e1te\u010dn\u00edch krok\u016f, jako je n\u00e1vrh n\u00e1t\u011brov\u00e9 technologie, p\u0159es zpracov\u00e1n\u00ed projektu, v\u010detn\u011b pl\u00e1nu kontroly jakosti, a\u017e po dod\u00e1vku a aplikaci n\u00e1t\u011brov\u00fdch hmot.<\/p>\n","protected":false},"excerpt":{"rendered":"<p>V\u00edtejte na internetov\u00fdch str\u00e1nk\u00e1ch firmy Colormont spol. s r.o. Firma&nbsp;Colormont spol. s r. o.&nbsp;p\u016fsob\u00ed na trhu \u010cesk\u00e9 republiky ji\u017e od roku 1998. Tato p\u016fvodn\u011b mal\u00e1 firma za\u010d\u00ednala sv\u00e9 p\u016fsoben\u00ed na agloporitov\u00e9m z\u00e1vod\u011b ED\u011b a postupn\u011b rozv\u00edjela svoji \u010dinnost na r\u016fzn\u00fdch<\/p>\n","protected":false},"author":1,"featured_media":0,"parent":0,"menu_order":0,"comment_status":"closed","ping_status":"closed","template":"","meta":{"footnotes":""},"class_list":["post-61","page","type-page","status-publish","hentry"],"_links":{"self":[{"href":"https:\/\/www.colormont.cz\/index.php\/wp-json\/wp\/v2\/pages\/61","targetHints":{"allow":["GET"]}}],"collection":[{"href":"https:\/\/www.colormont.cz\/index.php\/wp-json\/wp\/v2\/pages"}],"about":[{"href":"https:\/\/www.colormont.cz\/index.php\/wp-json\/wp\/v2\/types\/page"}],"author":[{"embeddable":true,"href":"https:\/\/www.colormont.cz\/index.php\/wp-json\/wp\/v2\/users\/1"}],"replies":[{"embeddable":true,"href":"https:\/\/www.colormont.cz\/index.php\/wp-json\/wp\/v2\/comments?post=61"}],"version-history":[{"count":2,"href":"https:\/\/www.colormont.cz\/index.php\/wp-json\/wp\/v2\/pages\/61\/revisions"}],"predecessor-version":[{"id":157,"href":"https:\/\/www.colormont.cz\/index.php\/wp-json\/wp\/v2\/pages\/61\/revisions\/157"}],"wp:attachment":[{"href":"https:\/\/www.colormont.cz\/index.php\/wp-json\/wp\/v2\/media?parent=61"}],"curies":[{"name":"wp","href":"https:\/\/api.w.org\/{rel}","templated":true}]}}